{"id":32732,"date":"2025-09-04T16:32:02","date_gmt":"2025-09-04T14:32:02","guid":{"rendered":"https:\/\/esd.ch\/sponsors\/"},"modified":"2025-12-22T11:17:23","modified_gmt":"2025-12-22T10:17:23","slug":"sponsors","status":"publish","type":"page","link":"https:\/\/esd.ch\/fr\/ecole\/sponsors\/","title":{"rendered":"Sponsors"},"content":{"rendered":"\n<p>Les sponsors suivants soutiennent chaque ann\u00e9e l&rsquo;ESD en lui versant un montant d\u00e9termin\u00e9.<br\/>Ce soutien permet \u00e0 l&rsquo;ESD de r\u00e9aliser des projets int\u00e9ressants et innovants. Merci beaucoup.<\/p>\n","protected":false},"excerpt":{"rendered":"<p>Les sponsors suivants soutiennent chaque ann\u00e9e l&rsquo;ESD en lui versant un montant d\u00e9termin\u00e9.Ce soutien permet \u00e0 l&rsquo;ESD de r\u00e9aliser des projets int\u00e9ressants et innovants. Merci beaucoup.<\/p>\n","protected":false},"author":2,"featured_media":37110,"parent":32787,"menu_order":8,"comment_status":"closed","ping_status":"closed","template":"","meta":{"_acf_changed":false,"_et_pb_use_builder":"off","_et_pb_old_content":"<!-- wp:divi\/placeholder {\"lock\":{\"type\":\"object\",\"default\":{\"move\":false,\"remove\":false}}} \/-->","_et_gb_content_width":"","footnotes":""},"class_list":["post-32732","page","type-page","status-publish","has-post-thumbnail","hentry","rubrik-ecole"],"acf":[],"_links":{"self":[{"href":"https:\/\/esd.ch\/fr\/wp-json\/wp\/v2\/pages\/32732","targetHints":{"allow":["GET"]}}],"collection":[{"href":"https:\/\/esd.ch\/fr\/wp-json\/wp\/v2\/pages"}],"about":[{"href":"https:\/\/esd.ch\/fr\/wp-json\/wp\/v2\/types\/page"}],"author":[{"embeddable":true,"href":"https:\/\/esd.ch\/fr\/wp-json\/wp\/v2\/users\/2"}],"replies":[{"embeddable":true,"href":"https:\/\/esd.ch\/fr\/wp-json\/wp\/v2\/comments?post=32732"}],"version-history":[{"count":18,"href":"https:\/\/esd.ch\/fr\/wp-json\/wp\/v2\/pages\/32732\/revisions"}],"predecessor-version":[{"id":37081,"href":"https:\/\/esd.ch\/fr\/wp-json\/wp\/v2\/pages\/32732\/revisions\/37081"}],"up":[{"embeddable":true,"href":"https:\/\/esd.ch\/fr\/wp-json\/wp\/v2\/pages\/32787"}],"wp:featuredmedia":[{"embeddable":true,"href":"https:\/\/esd.ch\/fr\/wp-json\/wp\/v2\/media\/37110"}],"wp:attachment":[{"href":"https:\/\/esd.ch\/fr\/wp-json\/wp\/v2\/media?parent=32732"}],"curies":[{"name":"wp","href":"https:\/\/api.w.org\/{rel}","templated":true}]}}