{"id":32783,"date":"2022-03-29T10:54:26","date_gmt":"2022-03-29T08:54:26","guid":{"rendered":"https:\/\/esd.ch\/plan-de-situation\/"},"modified":"2022-03-29T10:54:26","modified_gmt":"2022-03-29T08:54:26","slug":"plan-de-situation","status":"publish","type":"page","link":"https:\/\/esd.ch\/fr\/ecole\/plan-de-situation\/","title":{"rendered":"Plan de situation"},"content":{"rendered":"\n<h4 class=\"wp-block-heading\" id=\"anreise-mit-dem-zug\">En train<\/h4>\n\n<p>le plus rapide : avec le bus N0. 107 et 109 Gare\/Place Pury (toutes les 8 \u2013 10 min.)<br\/>\u2026 et env. 5 min. \u00e0 pied depuis\/jusqu&rsquo;\u00e0 l&rsquo;ESD (ou continuer avec le bus No. 2 jusqu&rsquo;\u00e0 l&rsquo;arr\u00eat \u201cRegionale\u201d)<\/p>\n\n<div style=\"height:40px\" aria-hidden=\"true\" class=\"wp-block-spacer\"><\/div>\n\n<h4 class=\"wp-block-heading\" id=\"anreise-mit-dem-auto\">En voiture<\/h4>\n\n<ul class=\"wp-block-list\"><li>depuis Berne\/Bienne: sortie Serri\u00e8res et retour direction centre. L&rsquo;\u00e9cole se trouve apr\u00e8s 700 m sur ta gauche.<\/li><li>depuis Lausanne: sortie Serri\u00e8res et ensuite direction centre ville. L&rsquo;\u00e9cole se trouve apr\u00e8s 700 m sur ta gauche.<\/li><li>GPS: introduire \u00ab\u00a0Quai Louis Perrier 1\u00a0\u00bb<\/li><\/ul>","protected":false},"excerpt":{"rendered":"<p>En train le plus rapide : avec le bus N0. 107 et 109 Gare\/Place Pury (toutes les 8 \u2013 10 min.)\u2026 et env. 5 min. \u00e0 pied depuis\/jusqu&rsquo;\u00e0 l&rsquo;ESD (ou continuer avec le bus No. 2 jusqu&rsquo;\u00e0 l&rsquo;arr\u00eat \u201cRegionale\u201d) En voiture depuis Berne\/Bienne: sortie Serri\u00e8res et retour direction centre. L&rsquo;\u00e9cole se trouve apr\u00e8s 700 m [&hellip;]<\/p>\n","protected":false},"author":2,"featured_media":31704,"parent":32787,"menu_order":7,"comment_status":"closed","ping_status":"closed","template":"","meta":{"_acf_changed":false,"_et_pb_use_builder":"off","_et_pb_old_content":"","_et_gb_content_width":"","footnotes":""},"class_list":["post-32783","page","type-page","status-publish","has-post-thumbnail","hentry","rubrik-ecole"],"acf":[],"_links":{"self":[{"href":"https:\/\/esd.ch\/fr\/wp-json\/wp\/v2\/pages\/32783","targetHints":{"allow":["GET"]}}],"collection":[{"href":"https:\/\/esd.ch\/fr\/wp-json\/wp\/v2\/pages"}],"about":[{"href":"https:\/\/esd.ch\/fr\/wp-json\/wp\/v2\/types\/page"}],"author":[{"embeddable":true,"href":"https:\/\/esd.ch\/fr\/wp-json\/wp\/v2\/users\/2"}],"replies":[{"embeddable":true,"href":"https:\/\/esd.ch\/fr\/wp-json\/wp\/v2\/comments?post=32783"}],"version-history":[{"count":0,"href":"https:\/\/esd.ch\/fr\/wp-json\/wp\/v2\/pages\/32783\/revisions"}],"up":[{"embeddable":true,"href":"https:\/\/esd.ch\/fr\/wp-json\/wp\/v2\/pages\/32787"}],"wp:featuredmedia":[{"embeddable":true,"href":"https:\/\/esd.ch\/fr\/wp-json\/wp\/v2\/media\/31704"}],"wp:attachment":[{"href":"https:\/\/esd.ch\/fr\/wp-json\/wp\/v2\/media?parent=32783"}],"curies":[{"name":"wp","href":"https:\/\/api.w.org\/{rel}","templated":true}]}}