{"id":32787,"date":"2025-09-04T10:02:00","date_gmt":"2025-09-04T08:02:00","guid":{"rendered":"https:\/\/esd.ch\/ecole\/"},"modified":"2025-11-10T10:00:58","modified_gmt":"2025-11-10T09:00:58","slug":"ecole","status":"publish","type":"page","link":"https:\/\/esd.ch\/fr\/ecole\/","title":{"rendered":"Ecole"},"content":{"rendered":"\n<p>L&rsquo;ESD a une longue histoire. L&rsquo;\u00e9cole de droguerie de Neuch\u00e2tel a \u00e9t\u00e9 fond\u00e9e en 1905 et se trouve depuis 1952 dans son propre b\u00e2timent, \u00e0 son emplacement actuel. <\/p>\n\n<p>En 1995, l&rsquo;\u00e9cole qui permettait jusqu&rsquo;ici d&rsquo;obtenir une ma\u00eetrise, a \u00e9t\u00e9 reconnue en tant qu&rsquo;Ecole sup\u00e9rieure. <\/p>\n\n<p>Chaque ann\u00e9e, environ 30 \u00e9tudiants commencent leur formation \u00e0 l&rsquo;ESD. <\/p>\n\n<p>L&rsquo;ESD est l&rsquo;unique Ecole sup\u00e9rieure de droguerie en Suisse. <\/p>\n\n<p><strong>Dates importantes<\/strong><\/p>\n\n<p><strong>Dernier d\u00e9lai d&rsquo;inscription<\/strong><\/p>\n\n<ul class=\"wp-block-list\">\n<li>Chaque ann\u00e9e, fin f\u00e9vrier<\/li>\n<\/ul>\n\n<p><strong>D\u00e9but de la formation<\/strong><\/p>\n\n<ul class=\"wp-block-list\">\n<li>Chaque ann\u00e9e, \u00e0 la mi-ao\u00fbt<\/li>\n<\/ul>\n\n<p><strong>Dur\u00e9e de la formation<\/strong><\/p>\n\n<ul class=\"wp-block-list\">\n<li>Quatre semestres<\/li>\n<\/ul>\n\n<p><\/p>\n","protected":false},"excerpt":{"rendered":"<p>L&rsquo;ESD a une longue histoire. L&rsquo;\u00e9cole de droguerie de Neuch\u00e2tel a \u00e9t\u00e9 fond\u00e9e en 1905 et se trouve depuis 1952 dans son propre b\u00e2timent, \u00e0 son emplacement actuel. En 1995, l&rsquo;\u00e9cole qui permettait jusqu&rsquo;ici d&rsquo;obtenir une ma\u00eetrise, a \u00e9t\u00e9 reconnue en tant qu&rsquo;Ecole sup\u00e9rieure. Chaque ann\u00e9e, environ 30 \u00e9tudiants commencent leur formation \u00e0 l&rsquo;ESD. L&rsquo;ESD [&hellip;]<\/p>\n","protected":false},"author":2,"featured_media":0,"parent":0,"menu_order":0,"comment_status":"closed","ping_status":"closed","template":"","meta":{"_acf_changed":false,"_et_pb_use_builder":"off","_et_pb_old_content":"","_et_gb_content_width":"","footnotes":""},"class_list":["post-32787","page","type-page","status-publish","hentry"],"acf":[],"_links":{"self":[{"href":"https:\/\/esd.ch\/fr\/wp-json\/wp\/v2\/pages\/32787","targetHints":{"allow":["GET"]}}],"collection":[{"href":"https:\/\/esd.ch\/fr\/wp-json\/wp\/v2\/pages"}],"about":[{"href":"https:\/\/esd.ch\/fr\/wp-json\/wp\/v2\/types\/page"}],"author":[{"embeddable":true,"href":"https:\/\/esd.ch\/fr\/wp-json\/wp\/v2\/users\/2"}],"replies":[{"embeddable":true,"href":"https:\/\/esd.ch\/fr\/wp-json\/wp\/v2\/comments?post=32787"}],"version-history":[{"count":7,"href":"https:\/\/esd.ch\/fr\/wp-json\/wp\/v2\/pages\/32787\/revisions"}],"predecessor-version":[{"id":37065,"href":"https:\/\/esd.ch\/fr\/wp-json\/wp\/v2\/pages\/32787\/revisions\/37065"}],"wp:attachment":[{"href":"https:\/\/esd.ch\/fr\/wp-json\/wp\/v2\/media?parent=32787"}],"curies":[{"name":"wp","href":"https:\/\/api.w.org\/{rel}","templated":true}]}}