{"id":32794,"date":"2022-03-29T11:36:19","date_gmt":"2022-03-29T09:36:19","guid":{"rendered":"https:\/\/esd.ch\/apercu-des-branches\/"},"modified":"2022-03-29T11:36:19","modified_gmt":"2022-03-29T09:36:19","slug":"apercu-des-branches","status":"publish","type":"page","link":"https:\/\/esd.ch\/fr\/les-etudes\/branches-et-contenu\/apercu-des-branches\/","title":{"rendered":"Aper\u00e7u des branches"},"content":{"rendered":"\n<p>L&rsquo;enseignement \u00e0 l&rsquo;ESD se d\u00e9roule sous forme de cours en pr\u00e9sentiel avec diff\u00e9rents \u00e9l\u00e9ments de pratique et de transfert. En plus, il y a des contenus d&rsquo;apprentissage qui sont \u00e9labor\u00e9s en groupe. L&rsquo;apprentissage autonome est \u00e9galement une composante importante des \u00e9tudes et te permet de suivre ton propre rythme d&rsquo;apprentissage.<\/p>\n","protected":false},"excerpt":{"rendered":"<p>L&rsquo;enseignement \u00e0 l&rsquo;ESD se d\u00e9roule sous forme de cours en pr\u00e9sentiel avec diff\u00e9rents \u00e9l\u00e9ments de pratique et de transfert. En plus, il y a des contenus d&rsquo;apprentissage qui sont \u00e9labor\u00e9s en groupe. L&rsquo;apprentissage autonome est \u00e9galement une composante importante des \u00e9tudes et te permet de suivre ton propre rythme d&rsquo;apprentissage.<\/p>\n","protected":false},"author":2,"featured_media":29796,"parent":32802,"menu_order":61,"comment_status":"closed","ping_status":"closed","template":"","meta":{"_acf_changed":false,"_et_pb_use_builder":"off","_et_pb_old_content":"","_et_gb_content_width":"","footnotes":""},"class_list":["post-32794","page","type-page","status-publish","has-post-thumbnail","hentry","rubrik-branches-et-contenu"],"acf":[],"_links":{"self":[{"href":"https:\/\/esd.ch\/fr\/wp-json\/wp\/v2\/pages\/32794","targetHints":{"allow":["GET"]}}],"collection":[{"href":"https:\/\/esd.ch\/fr\/wp-json\/wp\/v2\/pages"}],"about":[{"href":"https:\/\/esd.ch\/fr\/wp-json\/wp\/v2\/types\/page"}],"author":[{"embeddable":true,"href":"https:\/\/esd.ch\/fr\/wp-json\/wp\/v2\/users\/2"}],"replies":[{"embeddable":true,"href":"https:\/\/esd.ch\/fr\/wp-json\/wp\/v2\/comments?post=32794"}],"version-history":[{"count":0,"href":"https:\/\/esd.ch\/fr\/wp-json\/wp\/v2\/pages\/32794\/revisions"}],"up":[{"embeddable":true,"href":"https:\/\/esd.ch\/fr\/wp-json\/wp\/v2\/pages\/32802"}],"wp:featuredmedia":[{"embeddable":true,"href":"https:\/\/esd.ch\/fr\/wp-json\/wp\/v2\/media\/29796"}],"wp:attachment":[{"href":"https:\/\/esd.ch\/fr\/wp-json\/wp\/v2\/media?parent=32794"}],"curies":[{"name":"wp","href":"https:\/\/api.w.org\/{rel}","templated":true}]}}