{"id":32805,"date":"2022-03-29T13:53:16","date_gmt":"2022-03-29T11:53:16","guid":{"rendered":"https:\/\/esd.ch\/seance-dinformation\/"},"modified":"2022-03-29T13:53:17","modified_gmt":"2022-03-29T11:53:17","slug":"seance-dinformation","status":"publish","type":"page","link":"https:\/\/esd.ch\/fr\/open-house\/seance-dinformation\/","title":{"rendered":"S\u00e9ance d&rsquo;information"},"content":{"rendered":"\n<p>Une s\u00e9ance d&rsquo;information sur les \u00e9tudes \u00e0 l&rsquo;Ecole sup\u00e9rieure de droguerie a lieu chaque ann\u00e9e en novembre. Outre une visite de l&rsquo;\u00e9cole, les points suivants sont au programme :<\/p>\n\n<ul class=\"wp-block-list\"><li>D\u00e9roulement des \u00e9tudes avec quelques points forts du programme d&rsquo;\u00e9tudes<\/li><li>Syst\u00e8me de la proc\u00e9dure de qualification (examen d&rsquo;entr\u00e9e, prestations d&rsquo;apprentissage pendant les \u00e9tudes, examens de dipl\u00f4me)<\/li><li>Comment se pr\u00e9parer au mieux \u00e0 l&rsquo;examen d&rsquo;entr\u00e9e respectivement aux \u00e9tudes ?<\/li><li>Possibilit\u00e9s de carri\u00e8re apr\u00e8s les \u00e9tudes<\/li><li>Echanges avec les \u00e9tudiant-e-s des 1\u00e8re et 2\u00e8me ann\u00e9e d&rsquo;\u00e9tude<\/li><li>Droga, l&rsquo;association des \u00e9tudiants de l&rsquo;ESD<\/li><li>R\u00e9ponses aux questions<\/li><\/ul>","protected":false},"excerpt":{"rendered":"<p>Une s\u00e9ance d&rsquo;information sur les \u00e9tudes \u00e0 l&rsquo;Ecole sup\u00e9rieure de droguerie a lieu chaque ann\u00e9e en novembre. Outre une visite de l&rsquo;\u00e9cole, les points suivants sont au programme : D\u00e9roulement des \u00e9tudes avec quelques points forts du programme d&rsquo;\u00e9tudes Syst\u00e8me de la proc\u00e9dure de qualification (examen d&rsquo;entr\u00e9e, prestations d&rsquo;apprentissage pendant les \u00e9tudes, examens de dipl\u00f4me) [&hellip;]<\/p>\n","protected":false},"author":2,"featured_media":31921,"parent":32818,"menu_order":43,"comment_status":"closed","ping_status":"closed","template":"","meta":{"_acf_changed":false,"_et_pb_use_builder":"off","_et_pb_old_content":"","_et_gb_content_width":"","footnotes":""},"class_list":["post-32805","page","type-page","status-publish","has-post-thumbnail","hentry","rubrik-open-house-fr"],"acf":[],"_links":{"self":[{"href":"https:\/\/esd.ch\/fr\/wp-json\/wp\/v2\/pages\/32805","targetHints":{"allow":["GET"]}}],"collection":[{"href":"https:\/\/esd.ch\/fr\/wp-json\/wp\/v2\/pages"}],"about":[{"href":"https:\/\/esd.ch\/fr\/wp-json\/wp\/v2\/types\/page"}],"author":[{"embeddable":true,"href":"https:\/\/esd.ch\/fr\/wp-json\/wp\/v2\/users\/2"}],"replies":[{"embeddable":true,"href":"https:\/\/esd.ch\/fr\/wp-json\/wp\/v2\/comments?post=32805"}],"version-history":[{"count":0,"href":"https:\/\/esd.ch\/fr\/wp-json\/wp\/v2\/pages\/32805\/revisions"}],"up":[{"embeddable":true,"href":"https:\/\/esd.ch\/fr\/wp-json\/wp\/v2\/pages\/32818"}],"wp:featuredmedia":[{"embeddable":true,"href":"https:\/\/esd.ch\/fr\/wp-json\/wp\/v2\/media\/31921"}],"wp:attachment":[{"href":"https:\/\/esd.ch\/fr\/wp-json\/wp\/v2\/media?parent=32805"}],"curies":[{"name":"wp","href":"https:\/\/api.w.org\/{rel}","templated":true}]}}