{"id":32816,"date":"2022-03-29T14:06:36","date_gmt":"2022-03-29T12:06:36","guid":{"rendered":"https:\/\/esd.ch\/decouverte-de-lesd\/"},"modified":"2025-11-03T11:15:37","modified_gmt":"2025-11-03T10:15:37","slug":"decouverte-de-lesd","status":"publish","type":"page","link":"https:\/\/esd.ch\/fr\/open-house\/decouverte-de-lesd\/","title":{"rendered":"D\u00e9couverte de l&rsquo;ESD"},"content":{"rendered":"\n<p>As-tu besoin de plus d&rsquo;information? Tu souhaites d\u00e9couvrir l&rsquo;ESD pendant une journ\u00e9e et \u00e9changer avec des \u00e9tudiants sur place ? Alors profites d&rsquo;une journ\u00e9e de d\u00e9couverte sans engagement \u00e0 l&rsquo;ESD! Un-e \u00e9tudiant-e prendra contact avec toi pour convenir d&rsquo;une date de visite.<\/p>\n","protected":false},"excerpt":{"rendered":"<p>As-tu besoin de plus d&rsquo;information? Tu souhaites d\u00e9couvrir l&rsquo;ESD pendant une journ\u00e9e et \u00e9changer avec des \u00e9tudiants sur place ? Alors profites d&rsquo;une journ\u00e9e de d\u00e9couverte sans engagement \u00e0 l&rsquo;ESD! Un-e \u00e9tudiant-e prendra contact avec toi pour convenir d&rsquo;une date de visite.<\/p>\n","protected":false},"author":2,"featured_media":29810,"parent":32818,"menu_order":46,"comment_status":"closed","ping_status":"closed","template":"","meta":{"_acf_changed":false,"_et_pb_use_builder":"off","_et_pb_old_content":"","_et_gb_content_width":"","footnotes":""},"class_list":["post-32816","page","type-page","status-publish","has-post-thumbnail","hentry","rubrik-open-house-fr"],"acf":[],"_links":{"self":[{"href":"https:\/\/esd.ch\/fr\/wp-json\/wp\/v2\/pages\/32816","targetHints":{"allow":["GET"]}}],"collection":[{"href":"https:\/\/esd.ch\/fr\/wp-json\/wp\/v2\/pages"}],"about":[{"href":"https:\/\/esd.ch\/fr\/wp-json\/wp\/v2\/types\/page"}],"author":[{"embeddable":true,"href":"https:\/\/esd.ch\/fr\/wp-json\/wp\/v2\/users\/2"}],"replies":[{"embeddable":true,"href":"https:\/\/esd.ch\/fr\/wp-json\/wp\/v2\/comments?post=32816"}],"version-history":[{"count":2,"href":"https:\/\/esd.ch\/fr\/wp-json\/wp\/v2\/pages\/32816\/revisions"}],"predecessor-version":[{"id":36961,"href":"https:\/\/esd.ch\/fr\/wp-json\/wp\/v2\/pages\/32816\/revisions\/36961"}],"up":[{"embeddable":true,"href":"https:\/\/esd.ch\/fr\/wp-json\/wp\/v2\/pages\/32818"}],"wp:featuredmedia":[{"embeddable":true,"href":"https:\/\/esd.ch\/fr\/wp-json\/wp\/v2\/media\/29810"}],"wp:attachment":[{"href":"https:\/\/esd.ch\/fr\/wp-json\/wp\/v2\/media?parent=32816"}],"curies":[{"name":"wp","href":"https:\/\/api.w.org\/{rel}","templated":true}]}}