{"id":32818,"date":"2022-03-29T14:08:40","date_gmt":"2022-03-29T12:08:40","guid":{"rendered":"https:\/\/esd.ch\/open-house\/"},"modified":"2022-03-29T14:08:40","modified_gmt":"2022-03-29T12:08:40","slug":"open-house","status":"publish","type":"page","link":"https:\/\/esd.ch\/fr\/open-house\/","title":{"rendered":"Open House"},"content":{"rendered":"\n<p>Tu veux te faire une id\u00e9e personnelle de la vie \u00e9tudiant-e, de l&rsquo;enseignement et de l&rsquo;\u00e9cole ? Pas de probl\u00e8me! Nous te proposons, \u00e0 c\u00f4t\u00e9 d&rsquo;un entretien personnel avec la direction d&rsquo;\u00e9cole, deux autres possibilit\u00e9s : la s\u00e9ance d&rsquo;information et la d\u00e9couverte individuelle.<\/p>\n","protected":false},"excerpt":{"rendered":"<p>Tu veux te faire une id\u00e9e personnelle de la vie \u00e9tudiant-e, de l&rsquo;enseignement et de l&rsquo;\u00e9cole ? Pas de probl\u00e8me! Nous te proposons, \u00e0 c\u00f4t\u00e9 d&rsquo;un entretien personnel avec la direction d&rsquo;\u00e9cole, deux autres possibilit\u00e9s : la s\u00e9ance d&rsquo;information et la d\u00e9couverte individuelle.<\/p>\n","protected":false},"author":2,"featured_media":0,"parent":0,"menu_order":15,"comment_status":"closed","ping_status":"closed","template":"","meta":{"_acf_changed":false,"_et_pb_use_builder":"off","_et_pb_old_content":"","_et_gb_content_width":"","footnotes":""},"class_list":["post-32818","page","type-page","status-publish","hentry"],"acf":[],"_links":{"self":[{"href":"https:\/\/esd.ch\/fr\/wp-json\/wp\/v2\/pages\/32818","targetHints":{"allow":["GET"]}}],"collection":[{"href":"https:\/\/esd.ch\/fr\/wp-json\/wp\/v2\/pages"}],"about":[{"href":"https:\/\/esd.ch\/fr\/wp-json\/wp\/v2\/types\/page"}],"author":[{"embeddable":true,"href":"https:\/\/esd.ch\/fr\/wp-json\/wp\/v2\/users\/2"}],"replies":[{"embeddable":true,"href":"https:\/\/esd.ch\/fr\/wp-json\/wp\/v2\/comments?post=32818"}],"version-history":[{"count":0,"href":"https:\/\/esd.ch\/fr\/wp-json\/wp\/v2\/pages\/32818\/revisions"}],"wp:attachment":[{"href":"https:\/\/esd.ch\/fr\/wp-json\/wp\/v2\/media?parent=32818"}],"curies":[{"name":"wp","href":"https:\/\/api.w.org\/{rel}","templated":true}]}}