{"id":32823,"date":"2022-03-31T09:44:16","date_gmt":"2022-03-31T07:44:16","guid":{"rendered":"https:\/\/esd.ch\/inscription\/"},"modified":"2025-11-03T11:23:20","modified_gmt":"2025-11-03T10:23:20","slug":"inscription","status":"publish","type":"page","link":"https:\/\/esd.ch\/fr\/les-etudes\/inscription\/","title":{"rendered":"Inscription"},"content":{"rendered":"\n<p>Quels sont les documents que tu dois envoyer au secr\u00e9tariat pour t\u2019inscrire au prochain cycle de l\u2019ESD ?<\/p>\n\n\n\n<ul class=\"wp-block-list\">\n<li>Le<a href=\"https:\/\/esd.ch\/fr\/les-etudes\/inscription\/formulaire-dinscription\/\" data-type=\"page\" data-id=\"30643\">formulaire d\u2019inscription<\/a> d\u00fbment rempli (via internet, E-mail ou par poste)<\/li>\n\n\n\n<li>La quittance du versement des frais d\u2019inscription de CHF 450.- (avec examen d\u2019entr\u00e9e) respectivement<br>CHF 150.- (sans examen d&rsquo;entr\u00e9e)<br>Versement par E-Banking\/Postfinance \u00e0 : CPNE, Rue de la Serre 62, 2300 La Chaux-de-Fonds,<br>IBAN CH78 0076 6000 1039 9451 1<\/li>\n\n\n\n<li>Une copie des documents suivants, en fonction des \u00e9tudes accomplies:<br>Certificat f\u00e9d\u00e9ral de capacit\u00e9 de droguiste ou assistant(e) en pharmacie<br>Certificat de maturit\u00e9 professionnelle<br>Certificat de maturit\u00e9 f\u00e9d\u00e9rale<br>Certificat de maturit\u00e9 sp\u00e9cialis\u00e9e\/\u00e9cole de culture g\u00e9n\u00e9rale<\/li>\n\n\n\n<li>une copie de l&rsquo;attestation de travail de ton employeur apr\u00e8s l&rsquo;apprentissage ou la formation (preuve de la p\u00e9riode de pratique)<\/li>\n<\/ul>\n","protected":false},"excerpt":{"rendered":"<p>Quels sont les documents que tu dois envoyer au secr\u00e9tariat pour t\u2019inscrire au prochain cycle de l\u2019ESD ?<\/p>\n","protected":false},"author":2,"featured_media":29777,"parent":32833,"menu_order":72,"comment_status":"closed","ping_status":"closed","template":"","meta":{"_acf_changed":false,"_et_pb_use_builder":"off","_et_pb_old_content":"","_et_gb_content_width":"","footnotes":""},"class_list":["post-32823","page","type-page","status-publish","has-post-thumbnail","hentry","rubrik-les-etudes"],"acf":[],"_links":{"self":[{"href":"https:\/\/esd.ch\/fr\/wp-json\/wp\/v2\/pages\/32823","targetHints":{"allow":["GET"]}}],"collection":[{"href":"https:\/\/esd.ch\/fr\/wp-json\/wp\/v2\/pages"}],"about":[{"href":"https:\/\/esd.ch\/fr\/wp-json\/wp\/v2\/types\/page"}],"author":[{"embeddable":true,"href":"https:\/\/esd.ch\/fr\/wp-json\/wp\/v2\/users\/2"}],"replies":[{"embeddable":true,"href":"https:\/\/esd.ch\/fr\/wp-json\/wp\/v2\/comments?post=32823"}],"version-history":[{"count":2,"href":"https:\/\/esd.ch\/fr\/wp-json\/wp\/v2\/pages\/32823\/revisions"}],"predecessor-version":[{"id":36039,"href":"https:\/\/esd.ch\/fr\/wp-json\/wp\/v2\/pages\/32823\/revisions\/36039"}],"up":[{"embeddable":true,"href":"https:\/\/esd.ch\/fr\/wp-json\/wp\/v2\/pages\/32833"}],"wp:featuredmedia":[{"embeddable":true,"href":"https:\/\/esd.ch\/fr\/wp-json\/wp\/v2\/media\/29777"}],"wp:attachment":[{"href":"https:\/\/esd.ch\/fr\/wp-json\/wp\/v2\/media?parent=32823"}],"curies":[{"name":"wp","href":"https:\/\/api.w.org\/{rel}","templated":true}]}}