{"id":32827,"date":"2022-03-31T10:32:29","date_gmt":"2022-03-31T08:32:29","guid":{"rendered":"https:\/\/esd.ch\/conditions-dadmission\/"},"modified":"2025-11-03T11:17:48","modified_gmt":"2025-11-03T10:17:48","slug":"conditions-dadmission","status":"publish","type":"page","link":"https:\/\/esd.ch\/fr\/les-etudes\/conditions-dadmission\/","title":{"rendered":"Conditions d&rsquo;admission"},"content":{"rendered":"\n<p id=\"auszuge-aus-dem-reglement-das-komplette-reglement-findest-du-auf-unserer-internetseite\"><strong>Extrait du r\u00e8glement (tu trouveras le r\u00e8glement complet sur notre site internet)<\/strong><\/p>\n\n\n\n<h3 class=\"wp-block-heading\" id=\"zulassung-mit-aufnahmeprufung\">Admission avec examen d&rsquo;entr\u00e9e<\/h3>\n\n\n\n<p>Les candidat-e-s qui remplissent les crit\u00e8res suivants sont autoris\u00e9-e-s \u00e0 suivre la formation pour autant qu\u2019ils aient r\u00e9ussi l\u2019examen d\u2019entr\u00e9e:<\/p>\n\n\n\n<ul class=\"wp-block-list\">\n<li>Droguistes CFC avec au moins douze mois d&rsquo;exp\u00e9rience professionnelle<\/li>\n\n\n\n<li>Assistant-e-s en pharmacie CFC avec au moins 24 mois d\u2019exp\u00e9rience professionnelle.<\/li>\n\n\n\n<li>Candidat-e-s ayant effectu\u00e9 une formation \u00e0 l\u2019\u00e9tranger reconnue par le SEFRI comme \u00e9quivalente aux formations cit\u00e9es ci-dessus.<\/li>\n<\/ul>\n\n\n\n<h3 class=\"wp-block-heading\" id=\"zulassung-ohne-aufnahmeprufung\">Admission avec acquis reconnus et dispenses<\/h3>\n\n\n\n<ul class=\"wp-block-list\">\n<li>Les candidates et les candidats qui ont obtenu une moyenne d&rsquo;au moins 5,5 \u00e0 l&rsquo;examen de fin d&rsquo;apprentissage de droguiste CFC sont admis \u00e0 l&rsquo;ESD sans examen d\u2019entr\u00e9e.<\/li>\n\n\n\n<li>Les candidates et les candidats qui ont suivi le cours de rempla\u00e7ants de l&rsquo;ASD sont dispens\u00e9s de la branche connaissances des m\u00e9dicaments lors de l&rsquo;examen d&rsquo;entr\u00e9e.<\/li>\n<\/ul>\n\n\n\n<p>Les certifications correspondantes ne doivent pas remonter \u00e0 plus de trois ans au d\u00e9but de la formation \u00e0 l\u2019ESD. Il appartient aux candidates et candidats d&rsquo;apporter la preuve (bulletin de note ou certificat) pour d\u2019obtenir la dispense.<\/p>\n\n\n\n<h3 class=\"wp-block-heading\" id=\"zulassung-ohne-aufnahmeprufung\">Admission sans examen d&rsquo;entr\u00e9e<\/h3>\n\n\n\n<p>Les candidat-e-s sont autoris\u00e9-e-s \u00e0 suivre la formation de l\u2019Ecole sup\u00e9rieure de droguerie sans passer d\u2019examen d\u2019entr\u00e9e s\u2019ils remplissent les conditions suivantes :<\/p>\n\n\n\n<ul class=\"wp-block-list\">\n<li>Droguistes CFC avec certificat de maturit\u00e9 professionnelle et au moins douze mois d&rsquo;exp\u00e9rience professionnelle;<\/li>\n\n\n\n<li>Assistant-e-s en pharmacie CFC avec certificat de maturit\u00e9 professionnelle et au moins 24 mois d\u2019exp\u00e9rience professionnelle<\/li>\n\n\n\n<li>Titulaires d&rsquo;un certificat f\u00e9d\u00e9ral de maturit\u00e9, de maturit\u00e9 sp\u00e9cialis\u00e9e ou de culture g\u00e9n\u00e9rale et au moins douze mois d\u2019exp\u00e9rience professionnelle.<\/li>\n<\/ul>\n\n\n\n<h3 class=\"wp-block-heading\" id=\"definition-einzelner-zulassungsbedingungen\">D\u00e9finition des diff\u00e9rentes conditions d&rsquo;admission<\/h3>\n\n\n\n<ul class=\"wp-block-list\">\n<li>Une activit\u00e9 de droguiste \u00e0 un taux d\u2019au moins 80% dans une droguerie ou pharmacie-droguerie peut \u00eatre valid\u00e9e comme exp\u00e9rience professionnelle.<\/li>\n\n\n\n<li>Est consid\u00e9r\u00e9 comme une pharmacie-droguerie un commerce de d\u00e9tail titulaire d\u2019une autorisation d\u2019exploitation de pharmacie publique et dont la responsabilit\u00e9 pour l\u2019assortiment de droguerie incombe \u00e0 un-e droguiste dipl. ES dont le taux d\u2019occupation s\u2019\u00e9l\u00e8ve g\u00e9n\u00e9ralement au moins \u00e0 60%. Les exceptions sont pr\u00e9cis\u00e9es dans les directives.<\/li>\n<\/ul>\n","protected":false},"excerpt":{"rendered":"<p>Extrait du r\u00e8glement (tu trouveras le r\u00e8glement complet sur notre site internet) Admission avec examen d&rsquo;entr\u00e9e Les candidat-e-s qui remplissent les crit\u00e8res suivants sont autoris\u00e9-e-s \u00e0 suivre la formation pour autant qu\u2019ils aient r\u00e9ussi l\u2019examen d\u2019entr\u00e9e: Admission avec acquis reconnus et dispenses Les certifications correspondantes ne doivent pas remonter \u00e0 plus de trois ans au [&hellip;]<\/p>\n","protected":false},"author":2,"featured_media":29824,"parent":32833,"menu_order":66,"comment_status":"closed","ping_status":"closed","template":"","meta":{"_acf_changed":false,"_et_pb_use_builder":"off","_et_pb_old_content":"","_et_gb_content_width":"","footnotes":""},"class_list":["post-32827","page","type-page","status-publish","has-post-thumbnail","hentry","rubrik-les-etudes"],"acf":[],"_links":{"self":[{"href":"https:\/\/esd.ch\/fr\/wp-json\/wp\/v2\/pages\/32827","targetHints":{"allow":["GET"]}}],"collection":[{"href":"https:\/\/esd.ch\/fr\/wp-json\/wp\/v2\/pages"}],"about":[{"href":"https:\/\/esd.ch\/fr\/wp-json\/wp\/v2\/types\/page"}],"author":[{"embeddable":true,"href":"https:\/\/esd.ch\/fr\/wp-json\/wp\/v2\/users\/2"}],"replies":[{"embeddable":true,"href":"https:\/\/esd.ch\/fr\/wp-json\/wp\/v2\/comments?post=32827"}],"version-history":[{"count":2,"href":"https:\/\/esd.ch\/fr\/wp-json\/wp\/v2\/pages\/32827\/revisions"}],"predecessor-version":[{"id":36400,"href":"https:\/\/esd.ch\/fr\/wp-json\/wp\/v2\/pages\/32827\/revisions\/36400"}],"up":[{"embeddable":true,"href":"https:\/\/esd.ch\/fr\/wp-json\/wp\/v2\/pages\/32833"}],"wp:featuredmedia":[{"embeddable":true,"href":"https:\/\/esd.ch\/fr\/wp-json\/wp\/v2\/media\/29824"}],"wp:attachment":[{"href":"https:\/\/esd.ch\/fr\/wp-json\/wp\/v2\/media?parent=32827"}],"curies":[{"name":"wp","href":"https:\/\/api.w.org\/{rel}","templated":true}]}}