{"id":32829,"date":"2022-03-31T10:43:42","date_gmt":"2022-03-31T08:43:42","guid":{"rendered":"https:\/\/esd.ch\/procedures-de-qualification-et-de-promotion\/"},"modified":"2025-11-03T11:16:42","modified_gmt":"2025-11-03T10:16:42","slug":"procedures-de-qualification-et-de-promotion","status":"publish","type":"page","link":"https:\/\/esd.ch\/fr\/les-etudes\/procedures-de-qualification-et-de-promotion\/","title":{"rendered":"Proc\u00e9dures de qualification et de promotion"},"content":{"rendered":"\n<h3 class=\"wp-block-heading\" id=\"lernleistungen-wahrend-des-jahres-und-zulassung-zur-diplomprufung\">Prestations d&rsquo;apprentissage pendant l&rsquo;ann\u00e9e et admission \u00e0 l&rsquo;examen de dipl\u00f4me<\/h3>\n\n\n\n<p>Pendant les \u00e9tudes, tu feras diverses prestations d&rsquo;apprentissage qui seront not\u00e9es. La moynne de ces notes donnera la note de promotion qui constitue la condition d&rsquo;admission \u00e0 l&rsquo;examen de dipl\u00f4me. L&rsquo;examen de dipl\u00f4me est compos\u00e9 d&rsquo;un travail de dipl\u00f4me avec sa pr\u00e9sentation et de plusieurs entretiens d&rsquo;examen.<\/p>\n\n\n\n<p>Pendant les \u00e9tudes, nous mettons l&rsquo;accent sur le d\u00e9veloppement de diff\u00e9rentes comp\u00e9tences op\u00e9rationnelles. Ces comp\u00e9tences op\u00e9rationnelles te permettront plus tard de prendre les bonnes d\u00e9cisions de mani\u00e8re comp\u00e9tente et autonome dans diff\u00e9rentes situations et d&rsquo;agir en cons\u00e9quence.<\/p>\n\n\n\n<p>Pour cette raison, nous offrons diff\u00e9rentes sortes de travaux de transferts: pratique en laboratoire, exemples de la pratique, travaux de projets, d\u00e9veloppement de concepts, workshops, assessment, etc.<\/p>\n","protected":false},"excerpt":{"rendered":"<p>Prestations d&rsquo;apprentissage pendant l&rsquo;ann\u00e9e et admission \u00e0 l&rsquo;examen de dipl\u00f4me Pendant les \u00e9tudes, tu feras diverses prestations d&rsquo;apprentissage qui seront not\u00e9es. La moynne de ces notes donnera la note de promotion qui constitue la condition d&rsquo;admission \u00e0 l&rsquo;examen de dipl\u00f4me. L&rsquo;examen de dipl\u00f4me est compos\u00e9 d&rsquo;un travail de dipl\u00f4me avec sa pr\u00e9sentation et de plusieurs [&hellip;]<\/p>\n","protected":false},"author":2,"featured_media":29800,"parent":32833,"menu_order":64,"comment_status":"closed","ping_status":"closed","template":"","meta":{"_acf_changed":false,"_et_pb_use_builder":"off","_et_pb_old_content":"","_et_gb_content_width":"","footnotes":""},"class_list":["post-32829","page","type-page","status-publish","has-post-thumbnail","hentry","rubrik-les-etudes"],"acf":[],"_links":{"self":[{"href":"https:\/\/esd.ch\/fr\/wp-json\/wp\/v2\/pages\/32829","targetHints":{"allow":["GET"]}}],"collection":[{"href":"https:\/\/esd.ch\/fr\/wp-json\/wp\/v2\/pages"}],"about":[{"href":"https:\/\/esd.ch\/fr\/wp-json\/wp\/v2\/types\/page"}],"author":[{"embeddable":true,"href":"https:\/\/esd.ch\/fr\/wp-json\/wp\/v2\/users\/2"}],"replies":[{"embeddable":true,"href":"https:\/\/esd.ch\/fr\/wp-json\/wp\/v2\/comments?post=32829"}],"version-history":[{"count":2,"href":"https:\/\/esd.ch\/fr\/wp-json\/wp\/v2\/pages\/32829\/revisions"}],"predecessor-version":[{"id":36859,"href":"https:\/\/esd.ch\/fr\/wp-json\/wp\/v2\/pages\/32829\/revisions\/36859"}],"up":[{"embeddable":true,"href":"https:\/\/esd.ch\/fr\/wp-json\/wp\/v2\/pages\/32833"}],"wp:featuredmedia":[{"embeddable":true,"href":"https:\/\/esd.ch\/fr\/wp-json\/wp\/v2\/media\/29800"}],"wp:attachment":[{"href":"https:\/\/esd.ch\/fr\/wp-json\/wp\/v2\/media?parent=32829"}],"curies":[{"name":"wp","href":"https:\/\/api.w.org\/{rel}","templated":true}]}}