{"id":32831,"date":"2022-03-31T10:49:29","date_gmt":"2022-03-31T08:49:29","guid":{"rendered":"https:\/\/esd.ch\/concept-des-etudes\/"},"modified":"2024-06-05T09:12:18","modified_gmt":"2024-06-05T07:12:18","slug":"concept-des-etudes","status":"publish","type":"page","link":"https:\/\/esd.ch\/fr\/les-etudes\/concept-des-etudes\/","title":{"rendered":"Concept des \u00e9tudes"},"content":{"rendered":"\n<p>Les \u00e9tudes \u00e0 temps complet \u00e0 l&rsquo;ESD durent 4 semestres. Tu b\u00e9n\u00e9ficieras de 13 semaines de vacances selon le calendrier officiel du canton de Neuch\u00e2tel<\/p>\n\n<p>Diverses m\u00e9thodes d&rsquo;enseignement et d&rsquo;apprentissage sont propos\u00e9es afin que le programme d&rsquo;\u00e9tudes apporte le plus grand b\u00e9n\u00e9fice pour la pratique :<\/p>\n\n<ul class=\"wp-block-list\"><li>Travaux pratiques \/ enseignement en laboratoire qui transposent les connaissances th\u00e9oriques dans le contexte de travail<\/li><li>Les \u00e9tudes de cas, o\u00f9 les \u00e9tudiants analysent des situations pratiques, en tirent des conclusions et proposent des mesures \u00e0 prendre.<\/li><li>Le travail d&rsquo;int\u00e9gration qui permet de transf\u00e9rer le contenu de l&rsquo;apprentissage dans un autre contexte.<\/li><li>Le travail conceptuel dans lequel les \u00e9tudiants rassemblent des aspects individuels d&rsquo;un concept en termes de temps et de contenu et les coordonnent les uns avec les autres.<\/li><li>Projets de petite et grande envergure<\/li><li>Outdoor-training dans le domaine du d\u00e9veloppement du personnel<\/li><\/ul>\n","protected":false},"excerpt":{"rendered":"<p>Les \u00e9tudes \u00e0 temps complet \u00e0 l&rsquo;ESD durent 4 semestres. Tu b\u00e9n\u00e9ficieras de 13 semaines de vacances selon le calendrier officiel du canton de Neuch\u00e2tel<\/p>\n<p>Diverses m\u00e9thodes d&rsquo;enseignement et d&rsquo;apprentissage sont propos\u00e9es afin que le programme d&rsquo;\u00e9tudes apporte le plus grand b\u00e9n\u00e9fice pour la pratique :<\/p>\n","protected":false},"author":2,"featured_media":29796,"parent":32833,"menu_order":52,"comment_status":"closed","ping_status":"closed","template":"","meta":{"_acf_changed":false,"_et_pb_use_builder":"off","_et_pb_old_content":"","_et_gb_content_width":"","footnotes":""},"class_list":["post-32831","page","type-page","status-publish","has-post-thumbnail","hentry","rubrik-les-etudes"],"acf":[],"_links":{"self":[{"href":"https:\/\/esd.ch\/fr\/wp-json\/wp\/v2\/pages\/32831","targetHints":{"allow":["GET"]}}],"collection":[{"href":"https:\/\/esd.ch\/fr\/wp-json\/wp\/v2\/pages"}],"about":[{"href":"https:\/\/esd.ch\/fr\/wp-json\/wp\/v2\/types\/page"}],"author":[{"embeddable":true,"href":"https:\/\/esd.ch\/fr\/wp-json\/wp\/v2\/users\/2"}],"replies":[{"embeddable":true,"href":"https:\/\/esd.ch\/fr\/wp-json\/wp\/v2\/comments?post=32831"}],"version-history":[{"count":2,"href":"https:\/\/esd.ch\/fr\/wp-json\/wp\/v2\/pages\/32831\/revisions"}],"predecessor-version":[{"id":36042,"href":"https:\/\/esd.ch\/fr\/wp-json\/wp\/v2\/pages\/32831\/revisions\/36042"}],"up":[{"embeddable":true,"href":"https:\/\/esd.ch\/fr\/wp-json\/wp\/v2\/pages\/32833"}],"wp:featuredmedia":[{"embeddable":true,"href":"https:\/\/esd.ch\/fr\/wp-json\/wp\/v2\/media\/29796"}],"wp:attachment":[{"href":"https:\/\/esd.ch\/fr\/wp-json\/wp\/v2\/media?parent=32831"}],"curies":[{"name":"wp","href":"https:\/\/api.w.org\/{rel}","templated":true}]}}