{"id":34149,"date":"2022-04-07T10:14:21","date_gmt":"2022-04-07T08:14:21","guid":{"rendered":"https:\/\/esd.ch\/a-propos-de-nous\/corps-enseignant\/"},"modified":"2022-04-07T10:14:21","modified_gmt":"2022-04-07T08:14:21","slug":"corps-enseignant","status":"publish","type":"page","link":"https:\/\/esd.ch\/fr\/a-propos-de-nous\/corps-enseignant\/","title":{"rendered":"Corps enseignant"},"content":{"rendered":"\n<p>La grande diversit\u00e9 des th\u00e8mes abord\u00e9s dans le tableau des mati\u00e8res se refl\u00e8te dans les comp\u00e9tences des enseignant-e-s. Nous sommes fiers de pouvoir compter sur une \u00e9quipe de professionnels confirm\u00e9s, ancr\u00e9s dans la pratique et qui s&rsquo;adaptent continuellement aux nouvelles circonstances.<\/p>\n","protected":false},"excerpt":{"rendered":"<p>La grande diversit\u00e9 des th\u00e8mes abord\u00e9s dans le tableau des mati\u00e8res se refl\u00e8te dans les comp\u00e9tences des enseignant-e-s. Nous sommes fiers de pouvoir compter sur une \u00e9quipe de professionnels confirm\u00e9s, ancr\u00e9s dans la pratique et qui s&rsquo;adaptent continuellement aux nouvelles circonstances.<\/p>\n","protected":false},"author":2,"featured_media":31925,"parent":32814,"menu_order":20,"comment_status":"closed","ping_status":"closed","template":"","meta":{"_acf_changed":false,"_et_pb_use_builder":"off","_et_pb_old_content":"","_et_gb_content_width":"","footnotes":""},"class_list":["post-34149","page","type-page","status-publish","has-post-thumbnail","hentry","rubrik-a-propos-de-nous"],"acf":[],"_links":{"self":[{"href":"https:\/\/esd.ch\/fr\/wp-json\/wp\/v2\/pages\/34149","targetHints":{"allow":["GET"]}}],"collection":[{"href":"https:\/\/esd.ch\/fr\/wp-json\/wp\/v2\/pages"}],"about":[{"href":"https:\/\/esd.ch\/fr\/wp-json\/wp\/v2\/types\/page"}],"author":[{"embeddable":true,"href":"https:\/\/esd.ch\/fr\/wp-json\/wp\/v2\/users\/2"}],"replies":[{"embeddable":true,"href":"https:\/\/esd.ch\/fr\/wp-json\/wp\/v2\/comments?post=34149"}],"version-history":[{"count":0,"href":"https:\/\/esd.ch\/fr\/wp-json\/wp\/v2\/pages\/34149\/revisions"}],"up":[{"embeddable":true,"href":"https:\/\/esd.ch\/fr\/wp-json\/wp\/v2\/pages\/32814"}],"wp:featuredmedia":[{"embeddable":true,"href":"https:\/\/esd.ch\/fr\/wp-json\/wp\/v2\/media\/31925"}],"wp:attachment":[{"href":"https:\/\/esd.ch\/fr\/wp-json\/wp\/v2\/media?parent=34149"}],"curies":[{"name":"wp","href":"https:\/\/api.w.org\/{rel}","templated":true}]}}