{"id":34259,"date":"2022-04-07T08:14:53","date_gmt":"2022-04-07T06:14:53","guid":{"rendered":"https:\/\/esd.ch\/a-propos-de-nous\/direction-decole\/"},"modified":"2025-11-05T09:17:17","modified_gmt":"2025-11-05T08:17:17","slug":"direction-decole","status":"publish","type":"page","link":"https:\/\/esd.ch\/fr\/a-propos-de-nous\/direction-decole\/","title":{"rendered":"Direction d&rsquo;\u00e9cole"},"content":{"rendered":"\n<p>L&rsquo;ESD est une \u00e9cole familiale avec une hi\u00e9rarchie plate et des voies d\u00e9cisionnelles courtes. <\/p>\n\n<p>La directrice Ludmilla W\u00fcthrich est assist\u00e9e dans la gestion de l&rsquo;\u00e9cole par Christian Hebeisen, coordinateur scolaire, et Monika Schwab, secr\u00e9taire.<\/p>\n","protected":false},"excerpt":{"rendered":"<p>L&rsquo;ESD est une \u00e9cole familiale avec une hi\u00e9rarchie plate et des voies d\u00e9cisionnelles courtes. La directrice Ludmilla W\u00fcthrich est assist\u00e9e dans la gestion de l&rsquo;\u00e9cole par Christian Hebeisen, coordinateur scolaire, et Monika Schwab, secr\u00e9taire.<\/p>\n","protected":false},"author":2,"featured_media":29794,"parent":32814,"menu_order":21,"comment_status":"closed","ping_status":"closed","template":"","meta":{"_acf_changed":false,"_et_pb_use_builder":"off","_et_pb_old_content":"","_et_gb_content_width":"","footnotes":""},"class_list":["post-34259","page","type-page","status-publish","has-post-thumbnail","hentry","rubrik-a-propos-de-nous"],"acf":[],"_links":{"self":[{"href":"https:\/\/esd.ch\/fr\/wp-json\/wp\/v2\/pages\/34259","targetHints":{"allow":["GET"]}}],"collection":[{"href":"https:\/\/esd.ch\/fr\/wp-json\/wp\/v2\/pages"}],"about":[{"href":"https:\/\/esd.ch\/fr\/wp-json\/wp\/v2\/types\/page"}],"author":[{"embeddable":true,"href":"https:\/\/esd.ch\/fr\/wp-json\/wp\/v2\/users\/2"}],"replies":[{"embeddable":true,"href":"https:\/\/esd.ch\/fr\/wp-json\/wp\/v2\/comments?post=34259"}],"version-history":[{"count":14,"href":"https:\/\/esd.ch\/fr\/wp-json\/wp\/v2\/pages\/34259\/revisions"}],"predecessor-version":[{"id":37037,"href":"https:\/\/esd.ch\/fr\/wp-json\/wp\/v2\/pages\/34259\/revisions\/37037"}],"up":[{"embeddable":true,"href":"https:\/\/esd.ch\/fr\/wp-json\/wp\/v2\/pages\/32814"}],"wp:featuredmedia":[{"embeddable":true,"href":"https:\/\/esd.ch\/fr\/wp-json\/wp\/v2\/media\/29794"}],"wp:attachment":[{"href":"https:\/\/esd.ch\/fr\/wp-json\/wp\/v2\/media?parent=34259"}],"curies":[{"name":"wp","href":"https:\/\/api.w.org\/{rel}","templated":true}]}}